{"id":962,"date":"2024-02-02T18:13:32","date_gmt":"2024-02-02T17:13:32","guid":{"rendered":"https:\/\/asinta.tech-impulse.com\/?page_id=962"},"modified":"2024-10-03T12:25:58","modified_gmt":"2024-10-03T10:25:58","slug":"ofertas-laborales-2","status":"publish","type":"page","link":"https:\/\/www.cetrainstalaciones.com\/?page_id=962","title":{"rendered":"Obras Realizadas"},"content":{"rendered":"\n<p class=\"has-text-color\" style=\"color:#1e3240;font-size:48px\"><strong>Obras Realizadas<\/strong><\/p>\n\n\n<div id=\"obras-ctn\" style=\"padding: 40px 0 !important;\">\r\n\t\t\t\t<div id=\"obra1636\" class=\"obras\">\r\n\t\t\t\t\t<div>\r\n\t\t\t\t\t\t<div class=\"obra-corta\">\r\n\t\t\t\t\t\t\t<h2 class=\"titulo-obra\">\r\n\t\t\t\t\t\t\t\t Ten\u2019s\t\t\t\t\t\t\t<\/h2>\r\n\t\t\t\t\t\t\t<p class=\"descripcion-obra\">\r\n\t\t\t\t\t\t\t\t Interiorismo: GCA Arquitectes Associats\t\t\t\t\t\t\t<\/p>\r\n\t\t\t\t\t\t\t<img src=\"https:\/\/www.cetrainstalaciones.com\/wp-content\/uploads\/2024\/05\/004-300x188.jpg\" class=\"zoom-in-out\">\r\n\t\t\t\t\t\t\t<img src=\"https:\/\/www.cetrainstalaciones.com\/wp-content\/uploads\/2024\/05\/13-3-300x196.jpg\" class=\"zoom-in-out\">\r\n\t\t\t\t\t\t\t<img src=\"https:\/\/www.cetrainstalaciones.com\/wp-content\/uploads\/2024\/05\/2-9-300x194.jpg\" class=\"zoom-in-out\">\r\n\t\t\t\t\t\t<\/div>\r\n\t\t\t\t\t<\/div>\r\n\t\t\t\t<\/div>\r\n\r\n\t\t\t\t<\/div>\r\n<div style=\"display:none;\">\r\n\tuwu\r\n\tes<\/div>\r\n<script>\r\n\r\n<\/script>\n","protected":false},"excerpt":{"rendered":"<p>Obras Realizadas<\/p>\n","protected":false},"author":1,"featured_media":0,"parent":0,"menu_order":0,"comment_status":"closed","ping_status":"closed","template":"","meta":{"hide_page_title":"enabled","_gspb_post_css":"","inline_featured_image":false,"footnotes":""},"acf":[],"yoast_head":"<!-- This site is optimized with the Yoast SEO plugin v21.6 - https:\/\/yoast.com\/wordpress\/plugins\/seo\/ -->\n<title>Obras Realizadas - Cetra Instalaciones<\/title>\n<meta name=\"description\" content=\"Asinta Consultores, m\u00e1s de 18 a\u00f1os uniendo a las empresas con las personasConsultor\u00eda de Recursos Humanos al servicio de las empresas a trav\u00e9s de las personas. Somos profesionales orientados al resultado de las empresas a trav\u00e9s de las personas. Para las empresas, ofrecemos lo mejor de ambos mundos empresariales \u2013 la profesionalidad de las multinacionales aplicada a las pymes nacionales \u2013 proporcionando una soluci\u00f3n a medida mediante la experiencia sectorial y la maestr\u00eda personal de una firma nacional.\" \/>\n<meta name=\"robots\" content=\"index, follow, max-snippet:-1, max-image-preview:large, max-video-preview:-1\" \/>\n<link rel=\"canonical\" href=\"https:\/\/www.cetrainstalaciones.com\/?page_id=962\" \/>\n<meta property=\"og:locale\" content=\"es_ES\" \/>\n<meta property=\"og:type\" content=\"article\" \/>\n<meta property=\"og:title\" content=\"Obras Realizadas - Cetra Instalaciones\" \/>\n<meta property=\"og:description\" content=\"Asinta Consultores, m\u00e1s de 18 a\u00f1os uniendo a las empresas con las personasConsultor\u00eda de Recursos Humanos al servicio de las empresas a trav\u00e9s de las personas. Somos profesionales orientados al resultado de las empresas a trav\u00e9s de las personas. Para las empresas, ofrecemos lo mejor de ambos mundos empresariales \u2013 la profesionalidad de las multinacionales aplicada a las pymes nacionales \u2013 proporcionando una soluci\u00f3n a medida mediante la experiencia sectorial y la maestr\u00eda personal de una firma nacional.\" \/>\n<meta property=\"og:url\" content=\"https:\/\/www.cetrainstalaciones.com\/?page_id=962\" \/>\n<meta property=\"og:site_name\" content=\"Cetra Instalaciones\" \/>\n<meta property=\"article:modified_time\" content=\"2024-10-03T10:25:58+00:00\" \/>\n<meta name=\"twitter:card\" content=\"summary_large_image\" \/>\n<meta name=\"twitter:label1\" content=\"Est. reading time\" \/>\n\t<meta name=\"twitter:data1\" content=\"1 minuto\" \/>\n<script type=\"application\/ld+json\" class=\"yoast-schema-graph\">{\"@context\":\"https:\/\/schema.org\",\"@graph\":[{\"@type\":\"WebPage\",\"@id\":\"https:\/\/www.cetrainstalaciones.com\/?page_id=962\",\"url\":\"https:\/\/www.cetrainstalaciones.com\/?page_id=962\",\"name\":\"Obras Realizadas - Cetra Instalaciones\",\"isPartOf\":{\"@id\":\"https:\/\/www.cetrainstalaciones.com\/#website\"},\"datePublished\":\"2024-02-02T17:13:32+00:00\",\"dateModified\":\"2024-10-03T10:25:58+00:00\",\"description\":\"Asinta Consultores, m\u00e1s de 18 a\u00f1os uniendo a las empresas con las personasConsultor\u00eda de Recursos Humanos al servicio de las empresas a trav\u00e9s de las personas. Somos profesionales orientados al resultado de las empresas a trav\u00e9s de las personas. Para las empresas, ofrecemos lo mejor de ambos mundos empresariales \u2013 la profesionalidad de las multinacionales aplicada a las pymes nacionales \u2013 proporcionando una soluci\u00f3n a medida mediante la experiencia sectorial y la maestr\u00eda personal de una firma nacional.\",\"breadcrumb\":{\"@id\":\"https:\/\/www.cetrainstalaciones.com\/?page_id=962#breadcrumb\"},\"inLanguage\":\"es\",\"potentialAction\":[{\"@type\":\"ReadAction\",\"target\":[\"https:\/\/www.cetrainstalaciones.com\/?page_id=962\"]}]},{\"@type\":\"BreadcrumbList\",\"@id\":\"https:\/\/www.cetrainstalaciones.com\/?page_id=962#breadcrumb\",\"itemListElement\":[{\"@type\":\"ListItem\",\"position\":1,\"name\":\"Home\",\"item\":\"https:\/\/www.cetrainstalaciones.com\/\"},{\"@type\":\"ListItem\",\"position\":2,\"name\":\"Obras Realizadas\"}]},{\"@type\":\"WebSite\",\"@id\":\"https:\/\/www.cetrainstalaciones.com\/#website\",\"url\":\"https:\/\/www.cetrainstalaciones.com\/\",\"name\":\"Cetra Instalaciones\",\"description\":\"\",\"publisher\":{\"@id\":\"https:\/\/www.cetrainstalaciones.com\/#organization\"},\"potentialAction\":[{\"@type\":\"SearchAction\",\"target\":{\"@type\":\"EntryPoint\",\"urlTemplate\":\"https:\/\/www.cetrainstalaciones.com\/?s={search_term_string}\"},\"query-input\":\"required name=search_term_string\"}],\"inLanguage\":\"es\"},{\"@type\":\"Organization\",\"@id\":\"https:\/\/www.cetrainstalaciones.com\/#organization\",\"name\":\"Cetra Instalaciones\",\"url\":\"https:\/\/www.cetrainstalaciones.com\/\",\"logo\":{\"@type\":\"ImageObject\",\"inLanguage\":\"es\",\"@id\":\"https:\/\/www.cetrainstalaciones.com\/#\/schema\/logo\/image\/\",\"url\":\"https:\/\/www.cetrainstalaciones.com\/wp-content\/uploads\/2024\/10\/cetra.jpg\",\"contentUrl\":\"https:\/\/www.cetrainstalaciones.com\/wp-content\/uploads\/2024\/10\/cetra.jpg\",\"width\":119,\"height\":119,\"caption\":\"Cetra Instalaciones\"},\"image\":{\"@id\":\"https:\/\/www.cetrainstalaciones.com\/#\/schema\/logo\/image\/\"}}]}<\/script>\n<!-- \/ Yoast SEO plugin. -->","yoast_head_json":{"title":"Obras Realizadas - Cetra Instalaciones","description":"Asinta Consultores, m\u00e1s de 18 a\u00f1os uniendo a las empresas con las personasConsultor\u00eda de Recursos Humanos al servicio de las empresas a trav\u00e9s de las personas. Somos profesionales orientados al resultado de las empresas a trav\u00e9s de las personas. Para las empresas, ofrecemos lo mejor de ambos mundos empresariales \u2013 la profesionalidad de las multinacionales aplicada a las pymes nacionales \u2013 proporcionando una soluci\u00f3n a medida mediante la experiencia sectorial y la maestr\u00eda personal de una firma nacional.","robots":{"index":"index","follow":"follow","max-snippet":"max-snippet:-1","max-image-preview":"max-image-preview:large","max-video-preview":"max-video-preview:-1"},"canonical":"https:\/\/www.cetrainstalaciones.com\/?page_id=962","og_locale":"es_ES","og_type":"article","og_title":"Obras Realizadas - Cetra Instalaciones","og_description":"Asinta Consultores, m\u00e1s de 18 a\u00f1os uniendo a las empresas con las personasConsultor\u00eda de Recursos Humanos al servicio de las empresas a trav\u00e9s de las personas. Somos profesionales orientados al resultado de las empresas a trav\u00e9s de las personas. Para las empresas, ofrecemos lo mejor de ambos mundos empresariales \u2013 la profesionalidad de las multinacionales aplicada a las pymes nacionales \u2013 proporcionando una soluci\u00f3n a medida mediante la experiencia sectorial y la maestr\u00eda personal de una firma nacional.","og_url":"https:\/\/www.cetrainstalaciones.com\/?page_id=962","og_site_name":"Cetra Instalaciones","article_modified_time":"2024-10-03T10:25:58+00:00","twitter_card":"summary_large_image","twitter_misc":{"Est. reading time":"1 minuto"},"schema":{"@context":"https:\/\/schema.org","@graph":[{"@type":"WebPage","@id":"https:\/\/www.cetrainstalaciones.com\/?page_id=962","url":"https:\/\/www.cetrainstalaciones.com\/?page_id=962","name":"Obras Realizadas - Cetra Instalaciones","isPartOf":{"@id":"https:\/\/www.cetrainstalaciones.com\/#website"},"datePublished":"2024-02-02T17:13:32+00:00","dateModified":"2024-10-03T10:25:58+00:00","description":"Asinta Consultores, m\u00e1s de 18 a\u00f1os uniendo a las empresas con las personasConsultor\u00eda de Recursos Humanos al servicio de las empresas a trav\u00e9s de las personas. Somos profesionales orientados al resultado de las empresas a trav\u00e9s de las personas. Para las empresas, ofrecemos lo mejor de ambos mundos empresariales \u2013 la profesionalidad de las multinacionales aplicada a las pymes nacionales \u2013 proporcionando una soluci\u00f3n a medida mediante la experiencia sectorial y la maestr\u00eda personal de una firma nacional.","breadcrumb":{"@id":"https:\/\/www.cetrainstalaciones.com\/?page_id=962#breadcrumb"},"inLanguage":"es","potentialAction":[{"@type":"ReadAction","target":["https:\/\/www.cetrainstalaciones.com\/?page_id=962"]}]},{"@type":"BreadcrumbList","@id":"https:\/\/www.cetrainstalaciones.com\/?page_id=962#breadcrumb","itemListElement":[{"@type":"ListItem","position":1,"name":"Home","item":"https:\/\/www.cetrainstalaciones.com\/"},{"@type":"ListItem","position":2,"name":"Obras Realizadas"}]},{"@type":"WebSite","@id":"https:\/\/www.cetrainstalaciones.com\/#website","url":"https:\/\/www.cetrainstalaciones.com\/","name":"Cetra Instalaciones","description":"","publisher":{"@id":"https:\/\/www.cetrainstalaciones.com\/#organization"},"potentialAction":[{"@type":"SearchAction","target":{"@type":"EntryPoint","urlTemplate":"https:\/\/www.cetrainstalaciones.com\/?s={search_term_string}"},"query-input":"required name=search_term_string"}],"inLanguage":"es"},{"@type":"Organization","@id":"https:\/\/www.cetrainstalaciones.com\/#organization","name":"Cetra Instalaciones","url":"https:\/\/www.cetrainstalaciones.com\/","logo":{"@type":"ImageObject","inLanguage":"es","@id":"https:\/\/www.cetrainstalaciones.com\/#\/schema\/logo\/image\/","url":"https:\/\/www.cetrainstalaciones.com\/wp-content\/uploads\/2024\/10\/cetra.jpg","contentUrl":"https:\/\/www.cetrainstalaciones.com\/wp-content\/uploads\/2024\/10\/cetra.jpg","width":119,"height":119,"caption":"Cetra Instalaciones"},"image":{"@id":"https:\/\/www.cetrainstalaciones.com\/#\/schema\/logo\/image\/"}}]}},"_links":{"self":[{"href":"https:\/\/www.cetrainstalaciones.com\/index.php?rest_route=\/wp\/v2\/pages\/962"}],"collection":[{"href":"https:\/\/www.cetrainstalaciones.com\/index.php?rest_route=\/wp\/v2\/pages"}],"about":[{"href":"https:\/\/www.cetrainstalaciones.com\/index.php?rest_route=\/wp\/v2\/types\/page"}],"author":[{"embeddable":true,"href":"https:\/\/www.cetrainstalaciones.com\/index.php?rest_route=\/wp\/v2\/users\/1"}],"replies":[{"embeddable":true,"href":"https:\/\/www.cetrainstalaciones.com\/index.php?rest_route=%2Fwp%2Fv2%2Fcomments&post=962"}],"version-history":[{"count":6,"href":"https:\/\/www.cetrainstalaciones.com\/index.php?rest_route=\/wp\/v2\/pages\/962\/revisions"}],"predecessor-version":[{"id":1630,"href":"https:\/\/www.cetrainstalaciones.com\/index.php?rest_route=\/wp\/v2\/pages\/962\/revisions\/1630"}],"wp:attachment":[{"href":"https:\/\/www.cetrainstalaciones.com\/index.php?rest_route=%2Fwp%2Fv2%2Fmedia&parent=962"}],"curies":[{"name":"wp","href":"https:\/\/api.w.org\/{rel}","templated":true}]}}