{"id":581,"date":"2024-01-25T16:56:37","date_gmt":"2024-01-25T15:56:37","guid":{"rendered":"https:\/\/asinta.tech-impulse.com\/?page_id=581"},"modified":"2024-05-29T12:27:14","modified_gmt":"2024-05-29T10:27:14","slug":"clientes","status":"publish","type":"page","link":"https:\/\/www.cetrainstalaciones.com\/?page_id=581","title":{"rendered":"Clientes"},"content":{"rendered":"\n<h2 class=\"wp-block-heading has-text-align-center has-text-color\" id=\"clientes\" style=\"color:#1e3240\"><strong>Clientes<\/strong><\/h2>\n\n\n\n<div style=\"height:27px\" aria-hidden=\"true\" class=\"wp-block-spacer\"><\/div>\n\n\n\n<div class=\"wp-block-columns pag-clientes-ctn is-layout-flex wp-container-4 wp-block-columns-is-layout-flex\">\n<div class=\"wp-block-column is-layout-flow wp-block-column-is-layout-flow\">\n<figure class=\"wp-block-image size-full\"><img decoding=\"async\" loading=\"lazy\" width=\"150\" height=\"150\" src=\"https:\/\/www.cetrainstalaciones.com\/wp-content\/uploads\/2024\/05\/amorino-copia.jpg\" alt=\"\" class=\"wp-image-1653\" srcset=\"https:\/\/www.cetrainstalaciones.com\/wp-content\/uploads\/2024\/05\/amorino-copia.jpg 150w, https:\/\/www.cetrainstalaciones.com\/wp-content\/uploads\/2024\/05\/amorino-copia-24x24.jpg 24w, https:\/\/www.cetrainstalaciones.com\/wp-content\/uploads\/2024\/05\/amorino-copia-36x36.jpg 36w, https:\/\/www.cetrainstalaciones.com\/wp-content\/uploads\/2024\/05\/amorino-copia-48x48.jpg 48w\" sizes=\"(max-width: 150px) 100vw, 150px\" \/><\/figure>\n<\/div>\n\n\n\n<div class=\"wp-block-column is-layout-flow wp-block-column-is-layout-flow\">\n<figure class=\"wp-block-image size-full\"><img decoding=\"async\" loading=\"lazy\" width=\"150\" height=\"150\" src=\"https:\/\/www.cetrainstalaciones.com\/wp-content\/uploads\/2024\/05\/bilbao-berria-copia.jpg\" alt=\"\" class=\"wp-image-1659\" srcset=\"https:\/\/www.cetrainstalaciones.com\/wp-content\/uploads\/2024\/05\/bilbao-berria-copia.jpg 150w, https:\/\/www.cetrainstalaciones.com\/wp-content\/uploads\/2024\/05\/bilbao-berria-copia-24x24.jpg 24w, https:\/\/www.cetrainstalaciones.com\/wp-content\/uploads\/2024\/05\/bilbao-berria-copia-36x36.jpg 36w, https:\/\/www.cetrainstalaciones.com\/wp-content\/uploads\/2024\/05\/bilbao-berria-copia-48x48.jpg 48w\" sizes=\"(max-width: 150px) 100vw, 150px\" \/><\/figure>\n<\/div>\n\n\n\n<div class=\"wp-block-column is-layout-flow wp-block-column-is-layout-flow\">\n<figure class=\"wp-block-image size-full\"><img decoding=\"async\" loading=\"lazy\" width=\"150\" height=\"150\" src=\"https:\/\/www.cetrainstalaciones.com\/wp-content\/uploads\/2024\/05\/coma_y_punto-copia.jpg\" alt=\"\" class=\"wp-image-1677\" srcset=\"https:\/\/www.cetrainstalaciones.com\/wp-content\/uploads\/2024\/05\/coma_y_punto-copia.jpg 150w, https:\/\/www.cetrainstalaciones.com\/wp-content\/uploads\/2024\/05\/coma_y_punto-copia-24x24.jpg 24w, https:\/\/www.cetrainstalaciones.com\/wp-content\/uploads\/2024\/05\/coma_y_punto-copia-36x36.jpg 36w, https:\/\/www.cetrainstalaciones.com\/wp-content\/uploads\/2024\/05\/coma_y_punto-copia-48x48.jpg 48w\" sizes=\"(max-width: 150px) 100vw, 150px\" \/><\/figure>\n<\/div>\n<\/div>\n\n\n\n<div class=\"wp-block-columns is-layout-flex wp-container-10 wp-block-columns-is-layout-flex\">\n<div class=\"wp-block-column is-layout-flow wp-block-column-is-layout-flow\">\n<figure class=\"wp-block-image size-full\"><img decoding=\"async\" loading=\"lazy\" width=\"150\" height=\"150\" src=\"https:\/\/www.cetrainstalaciones.com\/wp-content\/uploads\/2024\/05\/farga-copia.jpg\" alt=\"\" class=\"wp-image-1680\" srcset=\"https:\/\/www.cetrainstalaciones.com\/wp-content\/uploads\/2024\/05\/farga-copia.jpg 150w, https:\/\/www.cetrainstalaciones.com\/wp-content\/uploads\/2024\/05\/farga-copia-24x24.jpg 24w, https:\/\/www.cetrainstalaciones.com\/wp-content\/uploads\/2024\/05\/farga-copia-36x36.jpg 36w, https:\/\/www.cetrainstalaciones.com\/wp-content\/uploads\/2024\/05\/farga-copia-48x48.jpg 48w\" sizes=\"(max-width: 150px) 100vw, 150px\" \/><\/figure>\n<\/div>\n\n\n\n<div class=\"wp-block-column is-layout-flow wp-block-column-is-layout-flow\">\n<figure class=\"wp-block-image size-full\"><img decoding=\"async\" loading=\"lazy\" width=\"150\" height=\"150\" src=\"https:\/\/www.cetrainstalaciones.com\/wp-content\/uploads\/2024\/05\/grupolive-copia.jpg\" alt=\"\" class=\"wp-image-1674\" srcset=\"https:\/\/www.cetrainstalaciones.com\/wp-content\/uploads\/2024\/05\/grupolive-copia.jpg 150w, https:\/\/www.cetrainstalaciones.com\/wp-content\/uploads\/2024\/05\/grupolive-copia-24x24.jpg 24w, https:\/\/www.cetrainstalaciones.com\/wp-content\/uploads\/2024\/05\/grupolive-copia-36x36.jpg 36w, https:\/\/www.cetrainstalaciones.com\/wp-content\/uploads\/2024\/05\/grupolive-copia-48x48.jpg 48w\" sizes=\"(max-width: 150px) 100vw, 150px\" \/><\/figure>\n<\/div>\n\n\n\n<div class=\"wp-block-column is-layout-flow wp-block-column-is-layout-flow\">\n<figure class=\"wp-block-gallery has-nested-images columns-default is-cropped wp-block-gallery-7 is-layout-flex wp-block-gallery-is-layout-flex\">\n<figure class=\"wp-block-image size-full\"><img decoding=\"async\" loading=\"lazy\" width=\"150\" height=\"150\" src=\"https:\/\/www.cetrainstalaciones.com\/wp-content\/uploads\/2024\/05\/guanabara-copia.jpg\" alt=\"\" class=\"wp-image-1662\" srcset=\"https:\/\/www.cetrainstalaciones.com\/wp-content\/uploads\/2024\/05\/guanabara-copia.jpg 150w, https:\/\/www.cetrainstalaciones.com\/wp-content\/uploads\/2024\/05\/guanabara-copia-24x24.jpg 24w, https:\/\/www.cetrainstalaciones.com\/wp-content\/uploads\/2024\/05\/guanabara-copia-36x36.jpg 36w, https:\/\/www.cetrainstalaciones.com\/wp-content\/uploads\/2024\/05\/guanabara-copia-48x48.jpg 48w\" sizes=\"(max-width: 150px) 100vw, 150px\" \/><\/figure>\n<\/figure>\n<\/div>\n<\/div>\n\n\n\n<div class=\"wp-block-columns is-layout-flex wp-container-14 wp-block-columns-is-layout-flex\">\n<div class=\"wp-block-column is-layout-flow wp-block-column-is-layout-flow\">\n<figure class=\"wp-block-image size-full\"><img decoding=\"async\" loading=\"lazy\" width=\"150\" height=\"150\" src=\"https:\/\/www.cetrainstalaciones.com\/wp-content\/uploads\/2024\/05\/iborra.jpg\" alt=\"\" class=\"wp-image-1656\" srcset=\"https:\/\/www.cetrainstalaciones.com\/wp-content\/uploads\/2024\/05\/iborra.jpg 150w, https:\/\/www.cetrainstalaciones.com\/wp-content\/uploads\/2024\/05\/iborra-24x24.jpg 24w, https:\/\/www.cetrainstalaciones.com\/wp-content\/uploads\/2024\/05\/iborra-36x36.jpg 36w, https:\/\/www.cetrainstalaciones.com\/wp-content\/uploads\/2024\/05\/iborra-48x48.jpg 48w\" sizes=\"(max-width: 150px) 100vw, 150px\" \/><\/figure>\n<\/div>\n\n\n\n<div class=\"wp-block-column is-layout-flow wp-block-column-is-layout-flow\">\n<figure class=\"wp-block-image size-full\"><img decoding=\"async\" loading=\"lazy\" width=\"150\" height=\"150\" src=\"https:\/\/www.cetrainstalaciones.com\/wp-content\/uploads\/2024\/05\/kidsus-copia.jpg\" alt=\"\" class=\"wp-image-1665\" srcset=\"https:\/\/www.cetrainstalaciones.com\/wp-content\/uploads\/2024\/05\/kidsus-copia.jpg 150w, https:\/\/www.cetrainstalaciones.com\/wp-content\/uploads\/2024\/05\/kidsus-copia-24x24.jpg 24w, https:\/\/www.cetrainstalaciones.com\/wp-content\/uploads\/2024\/05\/kidsus-copia-36x36.jpg 36w, https:\/\/www.cetrainstalaciones.com\/wp-content\/uploads\/2024\/05\/kidsus-copia-48x48.jpg 48w\" sizes=\"(max-width: 150px) 100vw, 150px\" \/><\/figure>\n<\/div>\n\n\n\n<div class=\"wp-block-column is-layout-flow wp-block-column-is-layout-flow\">\n<figure class=\"wp-block-image size-full\"><img decoding=\"async\" loading=\"lazy\" width=\"150\" height=\"150\" src=\"https:\/\/www.cetrainstalaciones.com\/wp-content\/uploads\/2024\/05\/reserva-copia.jpg\" alt=\"\" class=\"wp-image-1683\" srcset=\"https:\/\/www.cetrainstalaciones.com\/wp-content\/uploads\/2024\/05\/reserva-copia.jpg 150w, https:\/\/www.cetrainstalaciones.com\/wp-content\/uploads\/2024\/05\/reserva-copia-24x24.jpg 24w, https:\/\/www.cetrainstalaciones.com\/wp-content\/uploads\/2024\/05\/reserva-copia-36x36.jpg 36w, https:\/\/www.cetrainstalaciones.com\/wp-content\/uploads\/2024\/05\/reserva-copia-48x48.jpg 48w\" sizes=\"(max-width: 150px) 100vw, 150px\" \/><\/figure>\n<\/div>\n<\/div>\n\n\n\n<div class=\"wp-block-columns is-layout-flex wp-container-18 wp-block-columns-is-layout-flex\">\n<div class=\"wp-block-column is-layout-flow wp-block-column-is-layout-flow\">\n<figure class=\"wp-block-image size-full\"><img decoding=\"async\" loading=\"lazy\" width=\"150\" height=\"150\" src=\"https:\/\/www.cetrainstalaciones.com\/wp-content\/uploads\/2024\/05\/tallertapas.jpg\" alt=\"\" class=\"wp-image-1668\" srcset=\"https:\/\/www.cetrainstalaciones.com\/wp-content\/uploads\/2024\/05\/tallertapas.jpg 150w, https:\/\/www.cetrainstalaciones.com\/wp-content\/uploads\/2024\/05\/tallertapas-24x24.jpg 24w, https:\/\/www.cetrainstalaciones.com\/wp-content\/uploads\/2024\/05\/tallertapas-36x36.jpg 36w, https:\/\/www.cetrainstalaciones.com\/wp-content\/uploads\/2024\/05\/tallertapas-48x48.jpg 48w\" sizes=\"(max-width: 150px) 100vw, 150px\" \/><\/figure>\n<\/div>\n\n\n\n<div class=\"wp-block-column is-layout-flow wp-block-column-is-layout-flow\">\n<figure class=\"wp-block-image size-full\"><img decoding=\"async\" loading=\"lazy\" width=\"150\" height=\"150\" src=\"https:\/\/www.cetrainstalaciones.com\/wp-content\/uploads\/2024\/05\/teresa_carles.jpg\" alt=\"\" class=\"wp-image-1671\" srcset=\"https:\/\/www.cetrainstalaciones.com\/wp-content\/uploads\/2024\/05\/teresa_carles.jpg 150w, https:\/\/www.cetrainstalaciones.com\/wp-content\/uploads\/2024\/05\/teresa_carles-24x24.jpg 24w, https:\/\/www.cetrainstalaciones.com\/wp-content\/uploads\/2024\/05\/teresa_carles-36x36.jpg 36w, https:\/\/www.cetrainstalaciones.com\/wp-content\/uploads\/2024\/05\/teresa_carles-48x48.jpg 48w\" sizes=\"(max-width: 150px) 100vw, 150px\" \/><\/figure>\n<\/div>\n\n\n\n<div class=\"wp-block-column is-layout-flow wp-block-column-is-layout-flow\"><\/div>\n<\/div>\n","protected":false},"excerpt":{"rendered":"<p>Clientes<\/p>\n","protected":false},"author":1,"featured_media":0,"parent":0,"menu_order":0,"comment_status":"closed","ping_status":"closed","template":"","meta":{"hide_page_title":"enabled","_gspb_post_css":"","inline_featured_image":false,"footnotes":""},"acf":[],"yoast_head":"<!-- This site is optimized with the Yoast SEO plugin v21.6 - https:\/\/yoast.com\/wordpress\/plugins\/seo\/ -->\n<title>Clientes - Cetra Instalaciones<\/title>\n<meta name=\"description\" content=\"Asinta Consultores, m\u00e1s de 18 a\u00f1os uniendo a las empresas con las personasConsultor\u00eda de Recursos Humanos al servicio de las empresas a trav\u00e9s de las personas. Somos profesionales orientados al resultado de las empresas a trav\u00e9s de las personas. Para las empresas, ofrecemos lo mejor de ambos mundos empresariales \u2013 la profesionalidad de las multinacionales aplicada a las pymes nacionales \u2013 proporcionando una soluci\u00f3n a medida mediante la experiencia sectorial y la maestr\u00eda personal de una firma nacional.\" \/>\n<meta name=\"robots\" content=\"index, follow, max-snippet:-1, max-image-preview:large, max-video-preview:-1\" \/>\n<link rel=\"canonical\" href=\"https:\/\/www.cetrainstalaciones.com\/?page_id=581\" \/>\n<meta property=\"og:locale\" content=\"es_ES\" \/>\n<meta property=\"og:type\" content=\"article\" \/>\n<meta property=\"og:title\" content=\"Clientes - Cetra Instalaciones\" \/>\n<meta property=\"og:description\" content=\"Asinta Consultores, m\u00e1s de 18 a\u00f1os uniendo a las empresas con las personasConsultor\u00eda de Recursos Humanos al servicio de las empresas a trav\u00e9s de las personas. Somos profesionales orientados al resultado de las empresas a trav\u00e9s de las personas. Para las empresas, ofrecemos lo mejor de ambos mundos empresariales \u2013 la profesionalidad de las multinacionales aplicada a las pymes nacionales \u2013 proporcionando una soluci\u00f3n a medida mediante la experiencia sectorial y la maestr\u00eda personal de una firma nacional.\" \/>\n<meta property=\"og:url\" content=\"https:\/\/www.cetrainstalaciones.com\/?page_id=581\" \/>\n<meta property=\"og:site_name\" content=\"Cetra Instalaciones\" \/>\n<meta property=\"article:modified_time\" content=\"2024-05-29T10:27:14+00:00\" \/>\n<meta property=\"og:image\" content=\"https:\/\/www.cetrainstalaciones.com\/wp-content\/uploads\/2024\/05\/amorino-copia.jpg\" \/>\n<meta name=\"twitter:card\" content=\"summary_large_image\" \/>\n<meta name=\"twitter:label1\" content=\"Est. reading time\" \/>\n\t<meta name=\"twitter:data1\" content=\"3 minutos\" \/>\n<script type=\"application\/ld+json\" class=\"yoast-schema-graph\">{\"@context\":\"https:\/\/schema.org\",\"@graph\":[{\"@type\":\"WebPage\",\"@id\":\"https:\/\/www.cetrainstalaciones.com\/?page_id=581\",\"url\":\"https:\/\/www.cetrainstalaciones.com\/?page_id=581\",\"name\":\"Clientes - Cetra Instalaciones\",\"isPartOf\":{\"@id\":\"https:\/\/www.cetrainstalaciones.com\/#website\"},\"datePublished\":\"2024-01-25T15:56:37+00:00\",\"dateModified\":\"2024-05-29T10:27:14+00:00\",\"description\":\"Asinta Consultores, m\u00e1s de 18 a\u00f1os uniendo a las empresas con las personasConsultor\u00eda de Recursos Humanos al servicio de las empresas a trav\u00e9s de las personas. Somos profesionales orientados al resultado de las empresas a trav\u00e9s de las personas. Para las empresas, ofrecemos lo mejor de ambos mundos empresariales \u2013 la profesionalidad de las multinacionales aplicada a las pymes nacionales \u2013 proporcionando una soluci\u00f3n a medida mediante la experiencia sectorial y la maestr\u00eda personal de una firma nacional.\",\"breadcrumb\":{\"@id\":\"https:\/\/www.cetrainstalaciones.com\/?page_id=581#breadcrumb\"},\"inLanguage\":\"es\",\"potentialAction\":[{\"@type\":\"ReadAction\",\"target\":[\"https:\/\/www.cetrainstalaciones.com\/?page_id=581\"]}]},{\"@type\":\"BreadcrumbList\",\"@id\":\"https:\/\/www.cetrainstalaciones.com\/?page_id=581#breadcrumb\",\"itemListElement\":[{\"@type\":\"ListItem\",\"position\":1,\"name\":\"Home\",\"item\":\"https:\/\/www.cetrainstalaciones.com\/\"},{\"@type\":\"ListItem\",\"position\":2,\"name\":\"Clientes\"}]},{\"@type\":\"WebSite\",\"@id\":\"https:\/\/www.cetrainstalaciones.com\/#website\",\"url\":\"https:\/\/www.cetrainstalaciones.com\/\",\"name\":\"Cetra Instalaciones\",\"description\":\"\",\"publisher\":{\"@id\":\"https:\/\/www.cetrainstalaciones.com\/#organization\"},\"potentialAction\":[{\"@type\":\"SearchAction\",\"target\":{\"@type\":\"EntryPoint\",\"urlTemplate\":\"https:\/\/www.cetrainstalaciones.com\/?s={search_term_string}\"},\"query-input\":\"required name=search_term_string\"}],\"inLanguage\":\"es\"},{\"@type\":\"Organization\",\"@id\":\"https:\/\/www.cetrainstalaciones.com\/#organization\",\"name\":\"Cetra Instalaciones\",\"url\":\"https:\/\/www.cetrainstalaciones.com\/\",\"logo\":{\"@type\":\"ImageObject\",\"inLanguage\":\"es\",\"@id\":\"https:\/\/www.cetrainstalaciones.com\/#\/schema\/logo\/image\/\",\"url\":\"https:\/\/www.cetrainstalaciones.com\/wp-content\/uploads\/2024\/10\/cetra.jpg\",\"contentUrl\":\"https:\/\/www.cetrainstalaciones.com\/wp-content\/uploads\/2024\/10\/cetra.jpg\",\"width\":119,\"height\":119,\"caption\":\"Cetra Instalaciones\"},\"image\":{\"@id\":\"https:\/\/www.cetrainstalaciones.com\/#\/schema\/logo\/image\/\"}}]}<\/script>\n<!-- \/ Yoast SEO plugin. -->","yoast_head_json":{"title":"Clientes - Cetra Instalaciones","description":"Asinta Consultores, m\u00e1s de 18 a\u00f1os uniendo a las empresas con las personasConsultor\u00eda de Recursos Humanos al servicio de las empresas a trav\u00e9s de las personas. Somos profesionales orientados al resultado de las empresas a trav\u00e9s de las personas. Para las empresas, ofrecemos lo mejor de ambos mundos empresariales \u2013 la profesionalidad de las multinacionales aplicada a las pymes nacionales \u2013 proporcionando una soluci\u00f3n a medida mediante la experiencia sectorial y la maestr\u00eda personal de una firma nacional.","robots":{"index":"index","follow":"follow","max-snippet":"max-snippet:-1","max-image-preview":"max-image-preview:large","max-video-preview":"max-video-preview:-1"},"canonical":"https:\/\/www.cetrainstalaciones.com\/?page_id=581","og_locale":"es_ES","og_type":"article","og_title":"Clientes - Cetra Instalaciones","og_description":"Asinta Consultores, m\u00e1s de 18 a\u00f1os uniendo a las empresas con las personasConsultor\u00eda de Recursos Humanos al servicio de las empresas a trav\u00e9s de las personas. Somos profesionales orientados al resultado de las empresas a trav\u00e9s de las personas. Para las empresas, ofrecemos lo mejor de ambos mundos empresariales \u2013 la profesionalidad de las multinacionales aplicada a las pymes nacionales \u2013 proporcionando una soluci\u00f3n a medida mediante la experiencia sectorial y la maestr\u00eda personal de una firma nacional.","og_url":"https:\/\/www.cetrainstalaciones.com\/?page_id=581","og_site_name":"Cetra Instalaciones","article_modified_time":"2024-05-29T10:27:14+00:00","og_image":[{"url":"https:\/\/www.cetrainstalaciones.com\/wp-content\/uploads\/2024\/05\/amorino-copia.jpg"}],"twitter_card":"summary_large_image","twitter_misc":{"Est. reading time":"3 minutos"},"schema":{"@context":"https:\/\/schema.org","@graph":[{"@type":"WebPage","@id":"https:\/\/www.cetrainstalaciones.com\/?page_id=581","url":"https:\/\/www.cetrainstalaciones.com\/?page_id=581","name":"Clientes - Cetra Instalaciones","isPartOf":{"@id":"https:\/\/www.cetrainstalaciones.com\/#website"},"datePublished":"2024-01-25T15:56:37+00:00","dateModified":"2024-05-29T10:27:14+00:00","description":"Asinta Consultores, m\u00e1s de 18 a\u00f1os uniendo a las empresas con las personasConsultor\u00eda de Recursos Humanos al servicio de las empresas a trav\u00e9s de las personas. Somos profesionales orientados al resultado de las empresas a trav\u00e9s de las personas. Para las empresas, ofrecemos lo mejor de ambos mundos empresariales \u2013 la profesionalidad de las multinacionales aplicada a las pymes nacionales \u2013 proporcionando una soluci\u00f3n a medida mediante la experiencia sectorial y la maestr\u00eda personal de una firma nacional.","breadcrumb":{"@id":"https:\/\/www.cetrainstalaciones.com\/?page_id=581#breadcrumb"},"inLanguage":"es","potentialAction":[{"@type":"ReadAction","target":["https:\/\/www.cetrainstalaciones.com\/?page_id=581"]}]},{"@type":"BreadcrumbList","@id":"https:\/\/www.cetrainstalaciones.com\/?page_id=581#breadcrumb","itemListElement":[{"@type":"ListItem","position":1,"name":"Home","item":"https:\/\/www.cetrainstalaciones.com\/"},{"@type":"ListItem","position":2,"name":"Clientes"}]},{"@type":"WebSite","@id":"https:\/\/www.cetrainstalaciones.com\/#website","url":"https:\/\/www.cetrainstalaciones.com\/","name":"Cetra Instalaciones","description":"","publisher":{"@id":"https:\/\/www.cetrainstalaciones.com\/#organization"},"potentialAction":[{"@type":"SearchAction","target":{"@type":"EntryPoint","urlTemplate":"https:\/\/www.cetrainstalaciones.com\/?s={search_term_string}"},"query-input":"required name=search_term_string"}],"inLanguage":"es"},{"@type":"Organization","@id":"https:\/\/www.cetrainstalaciones.com\/#organization","name":"Cetra Instalaciones","url":"https:\/\/www.cetrainstalaciones.com\/","logo":{"@type":"ImageObject","inLanguage":"es","@id":"https:\/\/www.cetrainstalaciones.com\/#\/schema\/logo\/image\/","url":"https:\/\/www.cetrainstalaciones.com\/wp-content\/uploads\/2024\/10\/cetra.jpg","contentUrl":"https:\/\/www.cetrainstalaciones.com\/wp-content\/uploads\/2024\/10\/cetra.jpg","width":119,"height":119,"caption":"Cetra Instalaciones"},"image":{"@id":"https:\/\/www.cetrainstalaciones.com\/#\/schema\/logo\/image\/"}}]}},"_links":{"self":[{"href":"https:\/\/www.cetrainstalaciones.com\/index.php?rest_route=\/wp\/v2\/pages\/581"}],"collection":[{"href":"https:\/\/www.cetrainstalaciones.com\/index.php?rest_route=\/wp\/v2\/pages"}],"about":[{"href":"https:\/\/www.cetrainstalaciones.com\/index.php?rest_route=\/wp\/v2\/types\/page"}],"author":[{"embeddable":true,"href":"https:\/\/www.cetrainstalaciones.com\/index.php?rest_route=\/wp\/v2\/users\/1"}],"replies":[{"embeddable":true,"href":"https:\/\/www.cetrainstalaciones.com\/index.php?rest_route=%2Fwp%2Fv2%2Fcomments&post=581"}],"version-history":[{"count":61,"href":"https:\/\/www.cetrainstalaciones.com\/index.php?rest_route=\/wp\/v2\/pages\/581\/revisions"}],"predecessor-version":[{"id":1716,"href":"https:\/\/www.cetrainstalaciones.com\/index.php?rest_route=\/wp\/v2\/pages\/581\/revisions\/1716"}],"wp:attachment":[{"href":"https:\/\/www.cetrainstalaciones.com\/index.php?rest_route=%2Fwp%2Fv2%2Fmedia&parent=581"}],"curies":[{"name":"wp","href":"https:\/\/api.w.org\/{rel}","templated":true}]}}