{"id":1917,"date":"2024-10-02T16:27:26","date_gmt":"2024-10-02T14:27:26","guid":{"rendered":"https:\/\/www.cetrainstalaciones.com\/?page_id=1917"},"modified":"2024-10-02T16:27:26","modified_gmt":"2024-10-02T14:27:26","slug":"politica-de-cookies","status":"publish","type":"page","link":"https:\/\/www.cetrainstalaciones.com\/?page_id=1917&lang=en","title":{"rendered":"Pol\u00edtica de cookies"},"content":{"rendered":"\n<h3 class=\"wp-block-heading\" id=\"politica-de-cookies\"><strong>POL\u00cdTICA DE COOKIES<\/strong><\/h3>\n\n\n\n<p>En cuanto a la pol\u00edtica de cookies de la web, en caso de que la p\u00e1gina web disponga de ellas y \u00e9stas no sean inherentes al funcionamiento de la WEB o como as\u00ed refiere el mencionado apartado 2 del art\u00edculo 22&nbsp;<strong>LSSI<\/strong>&nbsp;\u201cal solo fin de efectuar la transmisi\u00f3n de una comunicaci\u00f3n por una red de comunicaciones electr\u00f3nica\u201d:<\/p>\n\n\n\n<p>Una cookie es un archivo de informaci\u00f3n que el servidor de este sitio web env\u00eda al dispositivo (ordenador, smartphone, tablet, etc.) de quien accede a la p\u00e1gina para almacenar y recuperar informaci\u00f3n sobre la navegaci\u00f3n que se efect\u00faa desde dicho equipo.<br>Cetra Instalaciones, SL utiliza diversos tipos de cookies (t\u00e9cnicas, anal\u00edticas y sociales) \u00fanicamente con la finalidad de mejorar la navegaci\u00f3n del usuario en el sitio web, sin ning\u00fan tipo de objeto publicitario o similar.<br>Cetra Instalaciones, SL, a trav\u00e9s de las cookies no recoge dato personal alguno. Todas las cookies, salvo las utilizadas por el sistema de estad\u00edsticas Google Analytics son temporales y desaparecen al concluir la sesi\u00f3n.<br><\/p>\n\n\n\n<p>Una cookie es un archivo de informaci\u00f3n que el servidor de este sitio web env\u00eda al dispositivo (ordenador, smartphone, tablet, etc.) de quien accede a la p\u00e1gina para almacenar y recuperar informaci\u00f3n sobre la navegaci\u00f3n que se efect\u00faa desde dicho equipo.<br>Cetra Instalaciones, SL utiliza diversos tipos de cookies (t\u00e9cnicas, anal\u00edticas y sociales) \u00fanicamente con la finalidad de mejorar la navegaci\u00f3n del usuario en el sitio web, sin ning\u00fan tipo de objeto publicitario o similar.<br>Cetra Instalaciones, SL, a trav\u00e9s de las cookies no recoge dato personal alguno. Todas las cookies, salvo las utilizadas por el sistema de estad\u00edsticas Google Analytics son temporales y desaparecen al concluir la sesi\u00f3n.<br>Cetra Instalaciones, SL utiliza en este sitio web las cookies que se detallan a continuaci\u00f3n:<br>Tipo Caducidad Finalidad Propias\/Terceros<\/p>\n\n\n\n<p>Cetra Instalaciones, SL utiliza en este sitio web las cookies que se detallan a continuaci\u00f3n:<br>Tipo Caducidad Finalidad Propias\/Terceros<\/p>\n\n\n\n<p>a) La configuraci\u00f3n del&nbsp;<strong>navegador<\/strong>; (indicar enlace en cada navegador para habilitar o deshabilitar cookies)<br>b) Herramientas de terceros, disponibles on line, que permiten a los usuarios detectar las cookies en cada sitio web que visita y gestionar su desactivaci\u00f3n.<br>Ni esta web, ni sus representantes legales se hacen responsables ni del contenido ni de la veracidad de las pol\u00edticas de privacidad que puedan tener los terceros mencionados en esta pol\u00edtica de cookies.<\/p>\n\n\n\n<p>La aceptaci\u00f3n de la presente pol\u00edtica implica que el usuario ha sido informado de una forma clara y completa sobre el uso de dispositivos de almacenamiento y recuperaci\u00f3n de datos (cookies) as\u00ed como que Cetra Instalaciones, SL dispone del consentimiento del usuario para el uso de las mismas tal y como establece el art\u00edculo 22 de la Ley 34\/2002, de 11 de julio, de Servicios de la Sociedad de la Informaci\u00f3n y Comercio Electr\u00f3nico (LSSI-CE).<\/p>\n","protected":false},"excerpt":{"rendered":"<p>POL\u00cdTICA DE COOKIES En cuanto a la pol\u00edtica de cookies de la web, en caso de que la p\u00e1gina web disponga de ellas y \u00e9stas no sean inherentes al funcionamiento de la WEB o como as\u00ed refiere el mencionado apartado 2 del art\u00edculo 22&nbsp;LSSI&nbsp;\u201cal solo fin de efectuar la transmisi\u00f3n de una comunicaci\u00f3n por una [&hellip;]<\/p>\n","protected":false},"author":1,"featured_media":0,"parent":0,"menu_order":0,"comment_status":"closed","ping_status":"closed","template":"","meta":{"hide_page_title":"","_gspb_post_css":"","inline_featured_image":false,"footnotes":""},"acf":[],"yoast_head":"<!-- This site is optimized with the Yoast SEO plugin v21.6 - https:\/\/yoast.com\/wordpress\/plugins\/seo\/ -->\n<title>Pol\u00edtica de cookies - Cetra Instalaciones<\/title>\n<meta name=\"description\" content=\"Asinta Consultores, m\u00e1s de 18 a\u00f1os uniendo a las empresas con las personasConsultor\u00eda de Recursos Humanos al servicio de las empresas a trav\u00e9s de las personas. Somos profesionales orientados al resultado de las empresas a trav\u00e9s de las personas. Para las empresas, ofrecemos lo mejor de ambos mundos empresariales \u2013 la profesionalidad de las multinacionales aplicada a las pymes nacionales \u2013 proporcionando una soluci\u00f3n a medida mediante la experiencia sectorial y la maestr\u00eda personal de una firma nacional.\" \/>\n<meta name=\"robots\" content=\"index, follow, max-snippet:-1, max-image-preview:large, max-video-preview:-1\" \/>\n<link rel=\"canonical\" href=\"https:\/\/www.cetrainstalaciones.com\/?page_id=1917&lang=en\" \/>\n<meta property=\"og:locale\" content=\"es_ES\" \/>\n<meta property=\"og:type\" content=\"article\" \/>\n<meta property=\"og:title\" content=\"Pol\u00edtica de cookies - Cetra Instalaciones\" \/>\n<meta property=\"og:description\" content=\"Asinta Consultores, m\u00e1s de 18 a\u00f1os uniendo a las empresas con las personasConsultor\u00eda de Recursos Humanos al servicio de las empresas a trav\u00e9s de las personas. Somos profesionales orientados al resultado de las empresas a trav\u00e9s de las personas. Para las empresas, ofrecemos lo mejor de ambos mundos empresariales \u2013 la profesionalidad de las multinacionales aplicada a las pymes nacionales \u2013 proporcionando una soluci\u00f3n a medida mediante la experiencia sectorial y la maestr\u00eda personal de una firma nacional.\" \/>\n<meta property=\"og:url\" content=\"https:\/\/www.cetrainstalaciones.com\/?page_id=1917&amp;lang=en\" \/>\n<meta property=\"og:site_name\" content=\"Cetra Instalaciones\" \/>\n<meta name=\"twitter:card\" content=\"summary_large_image\" \/>\n<meta name=\"twitter:label1\" content=\"Est. reading time\" \/>\n\t<meta name=\"twitter:data1\" content=\"3 minutos\" \/>\n<script type=\"application\/ld+json\" class=\"yoast-schema-graph\">{\"@context\":\"https:\/\/schema.org\",\"@graph\":[{\"@type\":\"WebPage\",\"@id\":\"https:\/\/www.cetrainstalaciones.com\/?page_id=1917&lang=en\",\"url\":\"https:\/\/www.cetrainstalaciones.com\/?page_id=1917&lang=en\",\"name\":\"Pol\u00edtica de cookies - Cetra Instalaciones\",\"isPartOf\":{\"@id\":\"https:\/\/www.cetrainstalaciones.com\/#website\"},\"datePublished\":\"2024-10-02T14:27:26+00:00\",\"dateModified\":\"2024-10-02T14:27:26+00:00\",\"description\":\"Asinta Consultores, m\u00e1s de 18 a\u00f1os uniendo a las empresas con las personasConsultor\u00eda de Recursos Humanos al servicio de las empresas a trav\u00e9s de las personas. Somos profesionales orientados al resultado de las empresas a trav\u00e9s de las personas. Para las empresas, ofrecemos lo mejor de ambos mundos empresariales \u2013 la profesionalidad de las multinacionales aplicada a las pymes nacionales \u2013 proporcionando una soluci\u00f3n a medida mediante la experiencia sectorial y la maestr\u00eda personal de una firma nacional.\",\"breadcrumb\":{\"@id\":\"https:\/\/www.cetrainstalaciones.com\/?page_id=1917&lang=en#breadcrumb\"},\"inLanguage\":\"es\",\"potentialAction\":[{\"@type\":\"ReadAction\",\"target\":[\"https:\/\/www.cetrainstalaciones.com\/?page_id=1917&lang=en\"]}]},{\"@type\":\"BreadcrumbList\",\"@id\":\"https:\/\/www.cetrainstalaciones.com\/?page_id=1917&lang=en#breadcrumb\",\"itemListElement\":[{\"@type\":\"ListItem\",\"position\":1,\"name\":\"Home\",\"item\":\"https:\/\/www.cetrainstalaciones.com\/\"},{\"@type\":\"ListItem\",\"position\":2,\"name\":\"Pol\u00edtica de cookies\"}]},{\"@type\":\"WebSite\",\"@id\":\"https:\/\/www.cetrainstalaciones.com\/#website\",\"url\":\"https:\/\/www.cetrainstalaciones.com\/\",\"name\":\"Cetra Instalaciones\",\"description\":\"\",\"publisher\":{\"@id\":\"https:\/\/www.cetrainstalaciones.com\/#organization\"},\"potentialAction\":[{\"@type\":\"SearchAction\",\"target\":{\"@type\":\"EntryPoint\",\"urlTemplate\":\"https:\/\/www.cetrainstalaciones.com\/?s={search_term_string}\"},\"query-input\":\"required name=search_term_string\"}],\"inLanguage\":\"es\"},{\"@type\":\"Organization\",\"@id\":\"https:\/\/www.cetrainstalaciones.com\/#organization\",\"name\":\"Cetra Instalaciones\",\"url\":\"https:\/\/www.cetrainstalaciones.com\/\",\"logo\":{\"@type\":\"ImageObject\",\"inLanguage\":\"es\",\"@id\":\"https:\/\/www.cetrainstalaciones.com\/#\/schema\/logo\/image\/\",\"url\":\"https:\/\/www.cetrainstalaciones.com\/wp-content\/uploads\/2024\/10\/cetra.jpg\",\"contentUrl\":\"https:\/\/www.cetrainstalaciones.com\/wp-content\/uploads\/2024\/10\/cetra.jpg\",\"width\":119,\"height\":119,\"caption\":\"Cetra Instalaciones\"},\"image\":{\"@id\":\"https:\/\/www.cetrainstalaciones.com\/#\/schema\/logo\/image\/\"}}]}<\/script>\n<!-- \/ Yoast SEO plugin. -->","yoast_head_json":{"title":"Pol\u00edtica de cookies - Cetra Instalaciones","description":"Asinta Consultores, m\u00e1s de 18 a\u00f1os uniendo a las empresas con las personasConsultor\u00eda de Recursos Humanos al servicio de las empresas a trav\u00e9s de las personas. Somos profesionales orientados al resultado de las empresas a trav\u00e9s de las personas. Para las empresas, ofrecemos lo mejor de ambos mundos empresariales \u2013 la profesionalidad de las multinacionales aplicada a las pymes nacionales \u2013 proporcionando una soluci\u00f3n a medida mediante la experiencia sectorial y la maestr\u00eda personal de una firma nacional.","robots":{"index":"index","follow":"follow","max-snippet":"max-snippet:-1","max-image-preview":"max-image-preview:large","max-video-preview":"max-video-preview:-1"},"canonical":"https:\/\/www.cetrainstalaciones.com\/?page_id=1917&lang=en","og_locale":"es_ES","og_type":"article","og_title":"Pol\u00edtica de cookies - Cetra Instalaciones","og_description":"Asinta Consultores, m\u00e1s de 18 a\u00f1os uniendo a las empresas con las personasConsultor\u00eda de Recursos Humanos al servicio de las empresas a trav\u00e9s de las personas. Somos profesionales orientados al resultado de las empresas a trav\u00e9s de las personas. Para las empresas, ofrecemos lo mejor de ambos mundos empresariales \u2013 la profesionalidad de las multinacionales aplicada a las pymes nacionales \u2013 proporcionando una soluci\u00f3n a medida mediante la experiencia sectorial y la maestr\u00eda personal de una firma nacional.","og_url":"https:\/\/www.cetrainstalaciones.com\/?page_id=1917&lang=en","og_site_name":"Cetra Instalaciones","twitter_card":"summary_large_image","twitter_misc":{"Est. reading time":"3 minutos"},"schema":{"@context":"https:\/\/schema.org","@graph":[{"@type":"WebPage","@id":"https:\/\/www.cetrainstalaciones.com\/?page_id=1917&lang=en","url":"https:\/\/www.cetrainstalaciones.com\/?page_id=1917&lang=en","name":"Pol\u00edtica de cookies - Cetra Instalaciones","isPartOf":{"@id":"https:\/\/www.cetrainstalaciones.com\/#website"},"datePublished":"2024-10-02T14:27:26+00:00","dateModified":"2024-10-02T14:27:26+00:00","description":"Asinta Consultores, m\u00e1s de 18 a\u00f1os uniendo a las empresas con las personasConsultor\u00eda de Recursos Humanos al servicio de las empresas a trav\u00e9s de las personas. Somos profesionales orientados al resultado de las empresas a trav\u00e9s de las personas. Para las empresas, ofrecemos lo mejor de ambos mundos empresariales \u2013 la profesionalidad de las multinacionales aplicada a las pymes nacionales \u2013 proporcionando una soluci\u00f3n a medida mediante la experiencia sectorial y la maestr\u00eda personal de una firma nacional.","breadcrumb":{"@id":"https:\/\/www.cetrainstalaciones.com\/?page_id=1917&lang=en#breadcrumb"},"inLanguage":"es","potentialAction":[{"@type":"ReadAction","target":["https:\/\/www.cetrainstalaciones.com\/?page_id=1917&lang=en"]}]},{"@type":"BreadcrumbList","@id":"https:\/\/www.cetrainstalaciones.com\/?page_id=1917&lang=en#breadcrumb","itemListElement":[{"@type":"ListItem","position":1,"name":"Home","item":"https:\/\/www.cetrainstalaciones.com\/"},{"@type":"ListItem","position":2,"name":"Pol\u00edtica de cookies"}]},{"@type":"WebSite","@id":"https:\/\/www.cetrainstalaciones.com\/#website","url":"https:\/\/www.cetrainstalaciones.com\/","name":"Cetra Instalaciones","description":"","publisher":{"@id":"https:\/\/www.cetrainstalaciones.com\/#organization"},"potentialAction":[{"@type":"SearchAction","target":{"@type":"EntryPoint","urlTemplate":"https:\/\/www.cetrainstalaciones.com\/?s={search_term_string}"},"query-input":"required name=search_term_string"}],"inLanguage":"es"},{"@type":"Organization","@id":"https:\/\/www.cetrainstalaciones.com\/#organization","name":"Cetra Instalaciones","url":"https:\/\/www.cetrainstalaciones.com\/","logo":{"@type":"ImageObject","inLanguage":"es","@id":"https:\/\/www.cetrainstalaciones.com\/#\/schema\/logo\/image\/","url":"https:\/\/www.cetrainstalaciones.com\/wp-content\/uploads\/2024\/10\/cetra.jpg","contentUrl":"https:\/\/www.cetrainstalaciones.com\/wp-content\/uploads\/2024\/10\/cetra.jpg","width":119,"height":119,"caption":"Cetra Instalaciones"},"image":{"@id":"https:\/\/www.cetrainstalaciones.com\/#\/schema\/logo\/image\/"}}]}},"_links":{"self":[{"href":"https:\/\/www.cetrainstalaciones.com\/index.php?rest_route=\/wp\/v2\/pages\/1917"}],"collection":[{"href":"https:\/\/www.cetrainstalaciones.com\/index.php?rest_route=\/wp\/v2\/pages"}],"about":[{"href":"https:\/\/www.cetrainstalaciones.com\/index.php?rest_route=\/wp\/v2\/types\/page"}],"author":[{"embeddable":true,"href":"https:\/\/www.cetrainstalaciones.com\/index.php?rest_route=\/wp\/v2\/users\/1"}],"replies":[{"embeddable":true,"href":"https:\/\/www.cetrainstalaciones.com\/index.php?rest_route=%2Fwp%2Fv2%2Fcomments&post=1917"}],"version-history":[{"count":0,"href":"https:\/\/www.cetrainstalaciones.com\/index.php?rest_route=\/wp\/v2\/pages\/1917\/revisions"}],"wp:attachment":[{"href":"https:\/\/www.cetrainstalaciones.com\/index.php?rest_route=%2Fwp%2Fv2%2Fmedia&parent=1917"}],"curies":[{"name":"wp","href":"https:\/\/api.w.org\/{rel}","templated":true}]}}